{"id":21,"date":"2018-07-30T13:29:00","date_gmt":"2018-07-30T11:29:00","guid":{"rendered":"http:\/\/lebe-deinen-stil.ch\/?page_id=21"},"modified":"2025-03-07T11:26:52","modified_gmt":"2025-03-07T10:26:52","slug":"kontakt","status":"publish","type":"page","link":"https:\/\/www.xn--handwrk-liestal-4kb.ch\/index.php\/kontakt\/","title":{"rendered":"\u00dcber uns"},"content":{"rendered":"\n<p>Willkommen im \u00abHandw\u00e4rk\u00bb<\/p>\n\n\n\n<p>Als junges und aufgestelltes Team erwartet Sie bei uns ein Coiffure Besuch auf Augenh\u00f6he.<\/p>\n\n\n\n<p>Um Ihrer Pers\u00f6nlichkeit gerecht zu werden nehmen wir uns f\u00fcr alle Kunden genug Zeit und legen Wert auf eine entspannte Atmosph\u00e4re in welcher wir Sie mit unserer offenen und aufgestellten Art herzlich begr\u00fcssen werden.<\/p>\n\n\n\n<p>Damit wir unseren hohen Anspr\u00fcchen auch l\u00e4ngerfristig gerecht bleiben, bilden wir uns stetig weiter und verfeinern unser Handwerk.<\/p>\n\n\n\n<p>Mit \u00abLa Biosth\u00e9tique\u00bb arbeiten wir mit einem Partner, welcher ausschliesslich auf nat\u00fcrliche Inhaltsstoffe setzt und somit dieselbe nachhaltige Vision wie wir verfolgt.<\/p>\n\n\n\n<p>Passend zum Motto \u00abLebe deinen Stil\u00bb werden wir Ihrer Pers\u00f6nlichkeit den passenden Ausdruck verleihen und Ihre Wunschvorstellung in die Tat umsetzen.<\/p>\n\n\n\n<p>Bis bald im Handw\u00e4rk Liestal!<\/p>\n\n\n<h1>\u00d6ffnungszeiten<\/h1>\n<table>\n<tbody>\n<tr>\n<td>\n<h3>\u00a0Samstag<\/h3>\n<\/td>\n<td>\n<h3>08:00 &#8211; 14:00<\/h3>\n<\/td>\n<\/tr>\n<tr>\n<td>\n<h3>Dienstag &#8211; Freitag<\/h3>\n<\/td>\n<td>\n<h3>09:00 &#8211; 18:30<\/h3>\n<\/td>\n<\/tr>\n<\/tbody>\n<\/table>\n<p>Die \u00d6ffnungszeiten k\u00f6nnen abweichen.<\/p>\n\n\n<p><\/p>\n\n\n\n<p><\/p>\n\n\n<p><\/p>\n<h3 style=\"text-align: center;\">Kontakt<\/h3>\n<h3 style=\"text-align: center;\">Ilona Schaad &amp; Lisa Sahin<\/h3>\n<div class=\"tab-2\" style=\"margin: 0 auto; width: 50%;\">\n<h3 style=\"text-align: center;\"><strong>Tel: 061 921 00 57<\/strong><\/h3>\n<p style=\"text-align: center;\">Adresse: Rebgasse 3, 4410 Liestal<\/p>\n<p style=\"text-align: center;\">Parking:<\/p>\n<p style=\"text-align: center;\">Neben dem Haus haben wir 2 Parkpl\u00e4tze, die mit Privat beschriftet sind.<\/p>\n<p><a class=\"socialmedia\" href=\"https:\/\/www.facebook.com\/Ilona-Lebe-deinen-Stil-375842942606433\/\" target=\"_blank\" rel=\"noopener noreferrer\"><br><i class=\"fab fa-facebook-f\"><\/i> &#8211; Facebook<\/a><\/p>\n<p><a class=\"socialmedia\" href=\"https:\/\/www.instagram.com\/hw_handwaerk\/\" target=\"_blank\" rel=\"noopener noreferrer\"><br><i class=\"fab fa-instagram\"><\/i> &#8211; Instagram<\/a><\/p>\n<\/div>\n<div style=\"text-align: center;\"><iframe loading=\"lazy\" style=\"border: 0;\" src=\"https:\/\/www.google.com\/maps\/embed?pb=!1m18!1m12!1m3!1d2696.215777918474!2d7.731175916234537!3d47.485709679176914!2m3!1f0!2f0!3f0!3m2!1i1024!2i768!4f13.1!3m3!1m2!1s0x4791ca6a330f539b%3A0xf1714d184610dd00!2sIlona+-+Lebe+deinen+Stil!5e0!3m2!1sde!2sch!4v1528792047239\" width=\"600\" height=\"450\" frameborder=\"0\" allowfullscreen=\"allowfullscreen\"><\/iframe><\/div>","protected":false},"excerpt":{"rendered":"<p>Willkommen im \u00abHandw\u00e4rk\u00bb Als junges und aufgestelltes Team erwartet Sie bei uns ein Coiffure Besuch auf Augenh\u00f6he. Um Ihrer Pers\u00f6nlichkeit gerecht zu werden nehmen wir uns f\u00fcr alle Kunden genug Zeit und legen Wert auf eine entspannte Atmosph\u00e4re in welcher wir Sie mit unserer offenen und aufgestellten Art herzlich begr\u00fcssen werden. Damit wir unseren hohen [&hellip;]<\/p>\n","protected":false},"author":1,"featured_media":0,"parent":0,"menu_order":0,"comment_status":"closed","ping_status":"closed","template":"","meta":{"footnotes":""},"class_list":["post-21","page","type-page","status-publish","hentry"],"_links":{"self":[{"href":"https:\/\/www.xn--handwrk-liestal-4kb.ch\/index.php\/wp-json\/wp\/v2\/pages\/21","targetHints":{"allow":["GET"]}}],"collection":[{"href":"https:\/\/www.xn--handwrk-liestal-4kb.ch\/index.php\/wp-json\/wp\/v2\/pages"}],"about":[{"href":"https:\/\/www.xn--handwrk-liestal-4kb.ch\/index.php\/wp-json\/wp\/v2\/types\/page"}],"author":[{"embeddable":true,"href":"https:\/\/www.xn--handwrk-liestal-4kb.ch\/index.php\/wp-json\/wp\/v2\/users\/1"}],"replies":[{"embeddable":true,"href":"https:\/\/www.xn--handwrk-liestal-4kb.ch\/index.php\/wp-json\/wp\/v2\/comments?post=21"}],"version-history":[{"count":37,"href":"https:\/\/www.xn--handwrk-liestal-4kb.ch\/index.php\/wp-json\/wp\/v2\/pages\/21\/revisions"}],"predecessor-version":[{"id":577,"href":"https:\/\/www.xn--handwrk-liestal-4kb.ch\/index.php\/wp-json\/wp\/v2\/pages\/21\/revisions\/577"}],"wp:attachment":[{"href":"https:\/\/www.xn--handwrk-liestal-4kb.ch\/index.php\/wp-json\/wp\/v2\/media?parent=21"}],"curies":[{"name":"wp","href":"https:\/\/api.w.org\/{rel}","templated":true}]}}