{"id":17,"date":"2018-07-30T13:29:22","date_gmt":"2018-07-30T11:29:22","guid":{"rendered":"http:\/\/lebe-deinen-stil.ch\/?page_id=17"},"modified":"2023-05-30T22:42:23","modified_gmt":"2023-05-30T20:42:23","slug":"produkte","status":"publish","type":"page","link":"https:\/\/www.xn--handwrk-liestal-4kb.ch\/index.php\/produkte\/","title":{"rendered":"La Biosth\u00e9tique"},"content":{"rendered":"<p>Seit einigenJahren pflegen wir eine enge Zusammenarbeit mit La Biosth\u00e9tique.<\/p>\n<p>Die Produktepalette umfasst alles was ein gepflegtes und sch\u00f6nes Haar braucht.<\/p>\n<p>Gerne beraten wir unsere Kunden pers\u00f6nlich \u00fcber die Produkte, welche in unserem Salon zum Verkauf bereit stehen.<\/p>\n<p>Weitere Informationen \u00fcber La Biosth\u00e9tique gibt es unter folgendem Link: <a href=\"https:\/\/www.labiosthetique.ch\/\" target=\"_blank\" rel=\"noopener noreferrer\">La Biosth\u00e9tique Schweiz<\/a>.<\/p>\n","protected":false},"excerpt":{"rendered":"<p>Seit einigenJahren pflegen wir eine enge Zusammenarbeit mit La Biosth\u00e9tique. Die Produktepalette umfasst alles was ein gepflegtes und sch\u00f6nes Haar braucht. Gerne beraten wir unsere Kunden pers\u00f6nlich \u00fcber die Produkte, welche in unserem Salon zum Verkauf bereit stehen. Weitere Informationen \u00fcber La Biosth\u00e9tique gibt es unter folgendem Link: La Biosth\u00e9tique Schweiz.<\/p>\n","protected":false},"author":1,"featured_media":0,"parent":0,"menu_order":0,"comment_status":"closed","ping_status":"closed","template":"","meta":{"footnotes":""},"class_list":["post-17","page","type-page","status-publish","hentry"],"_links":{"self":[{"href":"https:\/\/www.xn--handwrk-liestal-4kb.ch\/index.php\/wp-json\/wp\/v2\/pages\/17","targetHints":{"allow":["GET"]}}],"collection":[{"href":"https:\/\/www.xn--handwrk-liestal-4kb.ch\/index.php\/wp-json\/wp\/v2\/pages"}],"about":[{"href":"https:\/\/www.xn--handwrk-liestal-4kb.ch\/index.php\/wp-json\/wp\/v2\/types\/page"}],"author":[{"embeddable":true,"href":"https:\/\/www.xn--handwrk-liestal-4kb.ch\/index.php\/wp-json\/wp\/v2\/users\/1"}],"replies":[{"embeddable":true,"href":"https:\/\/www.xn--handwrk-liestal-4kb.ch\/index.php\/wp-json\/wp\/v2\/comments?post=17"}],"version-history":[{"count":8,"href":"https:\/\/www.xn--handwrk-liestal-4kb.ch\/index.php\/wp-json\/wp\/v2\/pages\/17\/revisions"}],"predecessor-version":[{"id":453,"href":"https:\/\/www.xn--handwrk-liestal-4kb.ch\/index.php\/wp-json\/wp\/v2\/pages\/17\/revisions\/453"}],"wp:attachment":[{"href":"https:\/\/www.xn--handwrk-liestal-4kb.ch\/index.php\/wp-json\/wp\/v2\/media?parent=17"}],"curies":[{"name":"wp","href":"https:\/\/api.w.org\/{rel}","templated":true}]}}