{"id":127,"date":"2019-06-29T09:47:24","date_gmt":"2019-06-29T07:47:24","guid":{"rendered":"http:\/\/www.lebe-deinen-stil.ch\/?page_id=127"},"modified":"2025-06-28T07:53:25","modified_gmt":"2025-06-28T05:53:25","slug":"extensions","status":"publish","type":"page","link":"https:\/\/www.xn--handwrk-liestal-4kb.ch\/index.php\/extensions\/","title":{"rendered":"Extensions"},"content":{"rendered":"<h1><strong>Weft In Extensions<\/strong><\/h1>\n<p><strong>Haarverl\u00e4ngerung oder\/und Verdichtung<\/strong><\/p>\n<p>Die Extensions bestehen aus Indischem Tempelhaar. Es handelt sich um echtes Haar die sich anf\u00fchlen wie deine eigene. Der Vorteil dieser Methode ist, dass wir keinen Kleber oder Hitze verwenden m\u00fcssen. Die Haare werden mit Microringe und Faden an dein eigenes Haar angen\u00e4ht. Dies l\u00e4sst deine Verl\u00e4ngerung oder Verdichtung in deinen eigenen Haaren verschmelzen und ist somit absolut getarnt.<\/p>\n<p>Der Vorteil ist, Die Haare k\u00f6nnen wieder verwendet werden. Das Einarbeiten und anpassen der Haare dauert ca. 3h und f\u00fchlt sich etwa 3-4 Monate super toll an. Einfach rausnehmen und wieder einsetzen.<\/p>\n<p>Zusammen Besprechen wir deine Wunschvorstellung und planen die Umsetzung deiner Traumfrisur. Dabei wirst du \u00fcber alles genaustens Informiert.<\/p>\n<p><strong>Preise:<\/strong><\/p>\n<p>Normal dichte Haare ben\u00f6tigen 1 Set, bei wirklich dicken Haaren werden 2 gebraucht.<\/p>\n<p>1.Set\u00a0\u00a0\u00a0\u00a0\u00a0\u00a0\u00a0\u00a0\u00a0\u00a0\u00a0\u00a0\u00a0\u00a0\u00a0\u00a0\u00a0\u00a0\u00a0\u00a0\u00a0\u00a0\u00a0\u00a0\u00a0\u00a0\u00a0\u00a0\u00a0\u00a0\u00a0\u00a0\u00a0\u00a0\u00a0\u00a0\u00a0\u00a0\u00a0\u00a0\u00a0\u00a0\u00a0\u00a0\u00a0\u00a0\u00a0\u00a0\u00a0\u00a0\u00a0\u00a0 2. Set<\/p>\n<p>40cm lang\u00a0\u00a0\u00a0\u00a0<strong>\u00a0\u00a0\u00a0 570.-\u00a0\u00a0\u00a0\u00a0<\/strong>\u00a0\u00a0\u00a0\u00a0\u00a0\u00a0\u00a0\u00a0\u00a0\u00a0\u00a0\u00a0\u00a0\u00a0\u00a0\u00a0\u00a0\u00a0\u00a0\u00a0\u00a0\u00a0<strong> 840.-<\/strong><\/p>\n<p>50cm lang\u00a0\u00a0\u00a0\u00a0\u00a0\u00a0\u00a0 <strong>645.-\u00a0<\/strong>\u00a0\u00a0\u00a0\u00a0\u00a0\u00a0\u00a0\u00a0\u00a0\u00a0\u00a0\u00a0\u00a0\u00a0\u00a0\u00a0\u00a0\u00a0\u00a0\u00a0<strong>\u00a0\u00a0\u00a0 \u00a0 990.-<\/strong><\/p>\n<p>60cm lang \u00a0 \u00a0 \u00a0<strong>\u00a0 675.-\u00a0\u00a0<\/strong>\u00a0\u00a0\u00a0\u00a0\u00a0\u00a0\u00a0\u00a0\u00a0\u00a0\u00a0\u00a0\u00a0\u00a0\u00a0\u00a0\u00a0\u00a0\u00a0\u00a0\u00a0\u00a0\u00a0 <strong>1050.-<\/strong><\/p>\n<p>Besprechungstermin:\u00a0\u00a0 30 min<strong> 35.-<\/strong><\/p>\n<p>Haare entfernen:\u00a0 \u00a0 \u00a0 \u00a0 30 min<strong> 55.-<\/strong><\/p>\n<p>Alte Haare wieder einsetzen inkl. Reinigung<strong> 290.-<\/strong><\/p>\n<p>Wir freuen uns sehr, dein Traum von langen und dichten Haaren zu verwirklichen.<\/p>\n<p style=\"text-align: right;\">\n","protected":false},"excerpt":{"rendered":"<p>Weft In Extensions Haarverl\u00e4ngerung oder\/und Verdichtung Die Extensions bestehen aus Indischem Tempelhaar. Es handelt sich um echtes Haar die sich anf\u00fchlen wie deine eigene. Der Vorteil dieser Methode ist, dass wir keinen Kleber oder Hitze verwenden m\u00fcssen. Die Haare werden mit Microringe und Faden an dein eigenes Haar angen\u00e4ht. Dies l\u00e4sst deine Verl\u00e4ngerung oder Verdichtung [&hellip;]<\/p>\n","protected":false},"author":1,"featured_media":0,"parent":0,"menu_order":0,"comment_status":"closed","ping_status":"closed","template":"","meta":{"footnotes":""},"class_list":["post-127","page","type-page","status-publish","hentry"],"_links":{"self":[{"href":"https:\/\/www.xn--handwrk-liestal-4kb.ch\/index.php\/wp-json\/wp\/v2\/pages\/127","targetHints":{"allow":["GET"]}}],"collection":[{"href":"https:\/\/www.xn--handwrk-liestal-4kb.ch\/index.php\/wp-json\/wp\/v2\/pages"}],"about":[{"href":"https:\/\/www.xn--handwrk-liestal-4kb.ch\/index.php\/wp-json\/wp\/v2\/types\/page"}],"author":[{"embeddable":true,"href":"https:\/\/www.xn--handwrk-liestal-4kb.ch\/index.php\/wp-json\/wp\/v2\/users\/1"}],"replies":[{"embeddable":true,"href":"https:\/\/www.xn--handwrk-liestal-4kb.ch\/index.php\/wp-json\/wp\/v2\/comments?post=127"}],"version-history":[{"count":28,"href":"https:\/\/www.xn--handwrk-liestal-4kb.ch\/index.php\/wp-json\/wp\/v2\/pages\/127\/revisions"}],"predecessor-version":[{"id":563,"href":"https:\/\/www.xn--handwrk-liestal-4kb.ch\/index.php\/wp-json\/wp\/v2\/pages\/127\/revisions\/563"}],"wp:attachment":[{"href":"https:\/\/www.xn--handwrk-liestal-4kb.ch\/index.php\/wp-json\/wp\/v2\/media?parent=127"}],"curies":[{"name":"wp","href":"https:\/\/api.w.org\/{rel}","templated":true}]}}